{"id":7810,"date":"2025-03-11T15:44:43","date_gmt":"2025-03-11T12:44:43","guid":{"rendered":"https:\/\/www.chemi-pharm.com\/?page_id=7810"},"modified":"2025-03-11T17:57:34","modified_gmt":"2025-03-11T14:57:34","slug":"vilepuhumise-teavituskanal","status":"publish","type":"page","link":"https:\/\/chemi-pharm.com\/et\/vilepuhumise-teavituskanal\/","title":{"rendered":"Vilepuhumise teavituskanal"},"content":{"rendered":"\n<h1 class=\"wp-block-heading\">Vilepuhumise teavituskanal<\/h1>\n\n\n\n<div class=\"wp-block-uagb-image uagb-block-c1ea99d4 wp-block-uagb-image--layout-overlay wp-block-uagb-image--effect-static wp-block-uagb-image--align-none\"><figure class=\"wp-block-uagb-image__figure\"><img decoding=\"async\" srcset=\"https:\/\/www.chemi-pharm.com\/wp-content\/uploads\/2025\/03\/Foto_03-.jpg \" sizes=\"auto, (max-width: 480px) 150px\" src=\"https:\/\/www.chemi-pharm.com\/wp-content\/uploads\/2025\/03\/Foto_03-.jpg\" alt=\"\" class=\"uag-image-7814\" width=\"1000\" height=\"668\" title=\"\" loading=\"lazy\"\/><div class=\"wp-block-uagb-image--layout-overlay__color-wrapper\"><\/div><div class=\"wp-block-uagb-image--layout-overlay__inner center-center\"><a class=\"wp-block-uagb-image--layout-overlay-link \" href=\"\" target=\"\" rel=\"noopener\"><\/a><h2 class=\"uagb-image-heading\">Vilepuhumise teavituskanal<\/h2><figcaption class=\"uagb-image-caption\"><em><a href=\"mailto:vihje@chemi-pharm.com\">Saada teavitus<\/a><\/em><\/figcaption><\/div><\/figure><\/div>\n\n\n\n<h2 class=\"wp-block-heading\"><\/h2>\n\n\n\n<p>Hindame k\u00f5rgelt eetilisi norme ja tegutseme koosk\u00f5las seaduste ja reeglitega. Seet\u00f5ttu on meie sisekontroll ja t\u00f6\u00f6protsessid loodud selliselt, et ennetada ja avastada v\u00e4\u00e4rk\u00e4itumist ning pettusi. Nii meie t\u00f6\u00f6tajatel, klientidel kui ka koost\u00f6\u00f6partneritel on v\u00f5imalus teada anda, kui nad m\u00e4rkavad midagi kahtlast v\u00f5i ebaeetilist meie tegevuses v\u00f5i teenustes.\u00a0<\/p>\n\n\n\n<p>Vilepuhumine v\u00f5imaldab konfidentsiaalselt jagada muresid, kui m\u00e4rkad midagi ebasobivat. See aitab meil riske varakult tuvastada ja hoida k\u00f5rgeid eetilisi standardeid, tagades\u00a0muuhulgas\u00a0t\u00f6\u00f6alase tegevusega teatavaks saanud Euroopa Liidu \u00f5iguse rikkumisest teavitajale kaitse.<\/p>\n\n\n\n<p>\u00a0<\/p>\n\n\n\n<p><\/p>\n\n\n\n<h3 class=\"wp-block-heading\">Millal kasutada vilepuhumise&nbsp;kanalit?<\/h3>\n\n\n\n<p>Vilepuhumise kanal on loodud \u00fcksnes<em>&nbsp;meie tegevuses v\u00f5i teenustes Euroopa Liidu \u00f5iguse rikkumiste&nbsp;kahtlustest v\u00f5i rikkumistest teatamiseks ning seda ei tohiks kasutada klientide kaebuste esitamiseks ega isiklike vaidlustega seotud probleemide lahendamiseks. K\u00f5ik teated tuleb edastada heas usus.&nbsp;<\/em><\/p>\n\n\n\n<p>Anna meile teada v\u00e4\u00e4riti k\u00e4itumise kahtlustest, n\u00e4iteks inim\u00f5iguste rikkumisest, v\u00f5i sellistest rikkumistest nagu pettuslik, sobimatu, ebaaus, ebaseaduslik, hooletu tegevus v\u00f5i k\u00e4itumine (t\u00e4psem loetelu on leitav\u00a0<a href=\"https:\/\/www.riigiteataja.ee\/akt\/T%C3%95RTKS#para2\">seadusest<\/a>).<\/p>\n\n\n\n<div style=\"height:40px\" aria-hidden=\"true\" class=\"wp-block-spacer\"><\/div>\n\n\n\n<h3 class=\"wp-block-heading\">Kuidas raporteerida v\u00f5imalikku v\u00e4\u00e4riti k\u00e4itumist?<\/h3>\n\n\n\n<p>Saate raporteerida mitteanon\u00fc\u00fcmselt ja kinnitame, et k\u00f5iki raporteid k\u00e4sitletakse range konfidentsiaalsusega ja turvaliselt. Oma teate saad edastada kirjalikult e-posti aadressile:<\/p>\n\n\n\n<p><em><a href=\"mailto:vihje@chemi-pharm.com\">vihje@chemi-pharm.com<\/a><\/em><\/p>\n\n\n\n<p>Mitteanon\u00fc\u00fcmselt raporteerides saad seitsme kalendrip\u00e4eva jooksul kinnituskirja ja vajadusel v\u00f5tame Sinuga \u00fchendust t\u00e4iendava teabe saamiseks. &nbsp;<\/p>\n\n\n\n<p>K\u00f5iki vilepuhumise kanali kaudu laekunud teateid ja s\u00f5numeid t\u00f6\u00f6deldakse konfidentsiaalselt.&nbsp;<\/p>\n","protected":false},"excerpt":{"rendered":"Vilepuhumise teavituskanal Hindame k\u00f5rgelt eetilisi norme ja tegutseme koosk\u00f5las seaduste ja reeglitega. Seet\u00f5ttu on meie sisekontroll ja t\u00f6\u00f6protsessid loodud selliselt, et ennetada ja avastada v\u00e4\u00e4rk\u00e4itumist ning pettusi. Nii meie t\u00f6\u00f6tajatel, klientidel kui ka koost\u00f6\u00f6partneritel on v\u00f5imalus teada anda, kui nad m\u00e4rkavad midagi kahtlast v\u00f5i ebaeetilist meie tegevuses v\u00f5i teenustes.\u00a0 Vilepuhumine v\u00f5imaldab konfidentsiaalselt jagada muresid, kui [&hellip;]","protected":false},"author":13,"featured_media":7814,"parent":0,"menu_order":0,"comment_status":"closed","ping_status":"closed","template":"","meta":{"_acf_changed":false,"_uag_custom_page_level_css":"","advgb_blocks_editor_width":"","advgb_blocks_columns_visual_guide":"","ngg_post_thumbnail":0,"footnotes":""},"class_list":["post-7810","page","type-page","status-publish","has-post-thumbnail","hentry"],"acf":[],"yoast_head":"<!-- This site is optimized with the Yoast SEO plugin v27.3 - https:\/\/yoast.com\/product\/yoast-seo-wordpress\/ -->\n<title>Vilepuhumise teavituskanal - Chemi-Pharm<\/title>\n<meta name=\"robots\" content=\"index, follow, max-snippet:-1, max-image-preview:large, max-video-preview:-1\" \/>\n<link rel=\"canonical\" href=\"https:\/\/chemi-pharm.com\/et\/vilepuhumise-teavituskanal\/\" \/>\n<meta property=\"og:locale\" content=\"et_EE\" \/>\n<meta property=\"og:type\" content=\"article\" \/>\n<meta property=\"og:title\" content=\"Vilepuhumise teavituskanal - Chemi-Pharm\" \/>\n<meta property=\"og:description\" content=\"Vilepuhumise teavituskanal Hindame k\u00f5rgelt eetilisi norme ja tegutseme koosk\u00f5las seaduste ja reeglitega. Seet\u00f5ttu on meie sisekontroll ja t\u00f6\u00f6protsessid loodud selliselt, et ennetada ja avastada v\u00e4\u00e4rk\u00e4itumist ning pettusi. Nii meie t\u00f6\u00f6tajatel, klientidel kui ka koost\u00f6\u00f6partneritel on v\u00f5imalus teada anda, kui nad m\u00e4rkavad midagi kahtlast v\u00f5i ebaeetilist meie tegevuses v\u00f5i teenustes.\u00a0 Vilepuhumine v\u00f5imaldab konfidentsiaalselt jagada muresid, kui [&hellip;]\" \/>\n<meta property=\"og:url\" content=\"https:\/\/chemi-pharm.com\/et\/vilepuhumise-teavituskanal\/\" \/>\n<meta property=\"og:site_name\" content=\"Chemi-Pharm\" \/>\n<meta property=\"article:publisher\" content=\"https:\/\/www.facebook.com\/chemipharmeesti\" \/>\n<meta property=\"article:modified_time\" content=\"2025-03-11T14:57:34+00:00\" \/>\n<meta property=\"og:image\" content=\"https:\/\/chemi-pharm.com\/wp-content\/uploads\/2025\/03\/Foto_03-.jpg\" \/>\n\t<meta property=\"og:image:width\" content=\"1000\" \/>\n\t<meta property=\"og:image:height\" content=\"668\" \/>\n\t<meta property=\"og:image:type\" content=\"image\/jpeg\" \/>\n<meta name=\"twitter:card\" content=\"summary_large_image\" \/>\n<script type=\"application\/ld+json\" class=\"yoast-schema-graph\">{\"@context\":\"https:\\\/\\\/schema.org\",\"@graph\":[{\"@type\":\"WebPage\",\"@id\":\"https:\\\/\\\/chemi-pharm.com\\\/et\\\/vilepuhumise-teavituskanal\\\/\",\"url\":\"https:\\\/\\\/chemi-pharm.com\\\/et\\\/vilepuhumise-teavituskanal\\\/\",\"name\":\"Vilepuhumise teavituskanal - Chemi-Pharm\",\"isPartOf\":{\"@id\":\"https:\\\/\\\/chemi-pharm.com\\\/et\\\/#website\"},\"primaryImageOfPage\":{\"@id\":\"https:\\\/\\\/chemi-pharm.com\\\/et\\\/vilepuhumise-teavituskanal\\\/#primaryimage\"},\"image\":{\"@id\":\"https:\\\/\\\/chemi-pharm.com\\\/et\\\/vilepuhumise-teavituskanal\\\/#primaryimage\"},\"thumbnailUrl\":\"https:\\\/\\\/chemi-pharm.com\\\/wp-content\\\/uploads\\\/2025\\\/03\\\/Foto_03-.jpg\",\"datePublished\":\"2025-03-11T12:44:43+00:00\",\"dateModified\":\"2025-03-11T14:57:34+00:00\",\"breadcrumb\":{\"@id\":\"https:\\\/\\\/chemi-pharm.com\\\/et\\\/vilepuhumise-teavituskanal\\\/#breadcrumb\"},\"inLanguage\":\"et\",\"potentialAction\":[{\"@type\":\"ReadAction\",\"target\":[\"https:\\\/\\\/chemi-pharm.com\\\/et\\\/vilepuhumise-teavituskanal\\\/\"]}]},{\"@type\":\"ImageObject\",\"inLanguage\":\"et\",\"@id\":\"https:\\\/\\\/chemi-pharm.com\\\/et\\\/vilepuhumise-teavituskanal\\\/#primaryimage\",\"url\":\"https:\\\/\\\/chemi-pharm.com\\\/wp-content\\\/uploads\\\/2025\\\/03\\\/Foto_03-.jpg\",\"contentUrl\":\"https:\\\/\\\/chemi-pharm.com\\\/wp-content\\\/uploads\\\/2025\\\/03\\\/Foto_03-.jpg\",\"width\":1000,\"height\":668},{\"@type\":\"BreadcrumbList\",\"@id\":\"https:\\\/\\\/chemi-pharm.com\\\/et\\\/vilepuhumise-teavituskanal\\\/#breadcrumb\",\"itemListElement\":[{\"@type\":\"ListItem\",\"position\":1,\"name\":\"Home\",\"item\":\"https:\\\/\\\/chemi-pharm.com\\\/et\\\/\"},{\"@type\":\"ListItem\",\"position\":2,\"name\":\"Vilepuhumise teavituskanal\"}]},{\"@type\":\"WebSite\",\"@id\":\"https:\\\/\\\/chemi-pharm.com\\\/et\\\/#website\",\"url\":\"https:\\\/\\\/chemi-pharm.com\\\/et\\\/\",\"name\":\"Chemi-Pharm\",\"description\":\"Chemi-Pharm&#039;i professionaalsed ja k\u00f5rge kvaliteediga desinfektsiooni- ja puhastusvahendid otse tootjalt\",\"publisher\":{\"@id\":\"https:\\\/\\\/chemi-pharm.com\\\/et\\\/#organization\"},\"potentialAction\":[{\"@type\":\"SearchAction\",\"target\":{\"@type\":\"EntryPoint\",\"urlTemplate\":\"https:\\\/\\\/chemi-pharm.com\\\/et\\\/?s={search_term_string}\"},\"query-input\":{\"@type\":\"PropertyValueSpecification\",\"valueRequired\":true,\"valueName\":\"search_term_string\"}}],\"inLanguage\":\"et\"},{\"@type\":\"Organization\",\"@id\":\"https:\\\/\\\/chemi-pharm.com\\\/et\\\/#organization\",\"name\":\"Chemi-Pharm\",\"url\":\"https:\\\/\\\/chemi-pharm.com\\\/et\\\/\",\"logo\":{\"@type\":\"ImageObject\",\"inLanguage\":\"et\",\"@id\":\"https:\\\/\\\/chemi-pharm.com\\\/et\\\/#\\\/schema\\\/logo\\\/image\\\/\",\"url\":\"https:\\\/\\\/www.chemi-pharm.com\\\/wp-content\\\/uploads\\\/2021\\\/03\\\/Group-17-1.svg\",\"contentUrl\":\"https:\\\/\\\/www.chemi-pharm.com\\\/wp-content\\\/uploads\\\/2021\\\/03\\\/Group-17-1.svg\",\"width\":282,\"height\":27,\"caption\":\"Chemi-Pharm\"},\"image\":{\"@id\":\"https:\\\/\\\/chemi-pharm.com\\\/et\\\/#\\\/schema\\\/logo\\\/image\\\/\"},\"sameAs\":[\"https:\\\/\\\/www.facebook.com\\\/chemipharmeesti\"]}]}<\/script>\n<!-- \/ Yoast SEO plugin. -->","yoast_head_json":{"title":"Vilepuhumise teavituskanal - Chemi-Pharm","robots":{"index":"index","follow":"follow","max-snippet":"max-snippet:-1","max-image-preview":"max-image-preview:large","max-video-preview":"max-video-preview:-1"},"canonical":"https:\/\/chemi-pharm.com\/et\/vilepuhumise-teavituskanal\/","og_locale":"et_EE","og_type":"article","og_title":"Vilepuhumise teavituskanal - Chemi-Pharm","og_description":"Vilepuhumise teavituskanal Hindame k\u00f5rgelt eetilisi norme ja tegutseme koosk\u00f5las seaduste ja reeglitega. Seet\u00f5ttu on meie sisekontroll ja t\u00f6\u00f6protsessid loodud selliselt, et ennetada ja avastada v\u00e4\u00e4rk\u00e4itumist ning pettusi. Nii meie t\u00f6\u00f6tajatel, klientidel kui ka koost\u00f6\u00f6partneritel on v\u00f5imalus teada anda, kui nad m\u00e4rkavad midagi kahtlast v\u00f5i ebaeetilist meie tegevuses v\u00f5i teenustes.\u00a0 Vilepuhumine v\u00f5imaldab konfidentsiaalselt jagada muresid, kui [&hellip;]","og_url":"https:\/\/chemi-pharm.com\/et\/vilepuhumise-teavituskanal\/","og_site_name":"Chemi-Pharm","article_publisher":"https:\/\/www.facebook.com\/chemipharmeesti","article_modified_time":"2025-03-11T14:57:34+00:00","og_image":[{"width":1000,"height":668,"url":"https:\/\/chemi-pharm.com\/wp-content\/uploads\/2025\/03\/Foto_03-.jpg","type":"image\/jpeg"}],"twitter_card":"summary_large_image","schema":{"@context":"https:\/\/schema.org","@graph":[{"@type":"WebPage","@id":"https:\/\/chemi-pharm.com\/et\/vilepuhumise-teavituskanal\/","url":"https:\/\/chemi-pharm.com\/et\/vilepuhumise-teavituskanal\/","name":"Vilepuhumise teavituskanal - Chemi-Pharm","isPartOf":{"@id":"https:\/\/chemi-pharm.com\/et\/#website"},"primaryImageOfPage":{"@id":"https:\/\/chemi-pharm.com\/et\/vilepuhumise-teavituskanal\/#primaryimage"},"image":{"@id":"https:\/\/chemi-pharm.com\/et\/vilepuhumise-teavituskanal\/#primaryimage"},"thumbnailUrl":"https:\/\/chemi-pharm.com\/wp-content\/uploads\/2025\/03\/Foto_03-.jpg","datePublished":"2025-03-11T12:44:43+00:00","dateModified":"2025-03-11T14:57:34+00:00","breadcrumb":{"@id":"https:\/\/chemi-pharm.com\/et\/vilepuhumise-teavituskanal\/#breadcrumb"},"inLanguage":"et","potentialAction":[{"@type":"ReadAction","target":["https:\/\/chemi-pharm.com\/et\/vilepuhumise-teavituskanal\/"]}]},{"@type":"ImageObject","inLanguage":"et","@id":"https:\/\/chemi-pharm.com\/et\/vilepuhumise-teavituskanal\/#primaryimage","url":"https:\/\/chemi-pharm.com\/wp-content\/uploads\/2025\/03\/Foto_03-.jpg","contentUrl":"https:\/\/chemi-pharm.com\/wp-content\/uploads\/2025\/03\/Foto_03-.jpg","width":1000,"height":668},{"@type":"BreadcrumbList","@id":"https:\/\/chemi-pharm.com\/et\/vilepuhumise-teavituskanal\/#breadcrumb","itemListElement":[{"@type":"ListItem","position":1,"name":"Home","item":"https:\/\/chemi-pharm.com\/et\/"},{"@type":"ListItem","position":2,"name":"Vilepuhumise teavituskanal"}]},{"@type":"WebSite","@id":"https:\/\/chemi-pharm.com\/et\/#website","url":"https:\/\/chemi-pharm.com\/et\/","name":"Chemi-Pharm","description":"Chemi-Pharm&#039;i professionaalsed ja k\u00f5rge kvaliteediga desinfektsiooni- ja puhastusvahendid otse tootjalt","publisher":{"@id":"https:\/\/chemi-pharm.com\/et\/#organization"},"potentialAction":[{"@type":"SearchAction","target":{"@type":"EntryPoint","urlTemplate":"https:\/\/chemi-pharm.com\/et\/?s={search_term_string}"},"query-input":{"@type":"PropertyValueSpecification","valueRequired":true,"valueName":"search_term_string"}}],"inLanguage":"et"},{"@type":"Organization","@id":"https:\/\/chemi-pharm.com\/et\/#organization","name":"Chemi-Pharm","url":"https:\/\/chemi-pharm.com\/et\/","logo":{"@type":"ImageObject","inLanguage":"et","@id":"https:\/\/chemi-pharm.com\/et\/#\/schema\/logo\/image\/","url":"https:\/\/www.chemi-pharm.com\/wp-content\/uploads\/2021\/03\/Group-17-1.svg","contentUrl":"https:\/\/www.chemi-pharm.com\/wp-content\/uploads\/2021\/03\/Group-17-1.svg","width":282,"height":27,"caption":"Chemi-Pharm"},"image":{"@id":"https:\/\/chemi-pharm.com\/et\/#\/schema\/logo\/image\/"},"sameAs":["https:\/\/www.facebook.com\/chemipharmeesti"]}]}},"uagb_featured_image_src":{"full":["https:\/\/chemi-pharm.com\/wp-content\/uploads\/2025\/03\/Foto_03-.jpg",1000,668,false],"thumbnail":["https:\/\/chemi-pharm.com\/wp-content\/uploads\/2025\/03\/Foto_03--150x150.jpg",150,150,true],"medium":["https:\/\/chemi-pharm.com\/wp-content\/uploads\/2025\/03\/Foto_03--300x200.jpg",300,200,true],"medium_large":["https:\/\/chemi-pharm.com\/wp-content\/uploads\/2025\/03\/Foto_03--768x513.jpg",768,513,true],"large":["https:\/\/chemi-pharm.com\/wp-content\/uploads\/2025\/03\/Foto_03-.jpg",1000,668,false],"1536x1536":["https:\/\/chemi-pharm.com\/wp-content\/uploads\/2025\/03\/Foto_03-.jpg",1000,668,false],"2048x2048":["https:\/\/chemi-pharm.com\/wp-content\/uploads\/2025\/03\/Foto_03-.jpg",1000,668,false],"news_thumb":["https:\/\/chemi-pharm.com\/wp-content\/uploads\/2025\/03\/Foto_03--600x401.jpg",600,401,true],"custom_thumb":["https:\/\/chemi-pharm.com\/wp-content\/uploads\/2025\/03\/Foto_03--200x134.jpg",200,134,true]},"uagb_author_info":{"display_name":"Justin Hein","author_link":"https:\/\/chemi-pharm.com\/et\/author\/justin\/"},"uagb_comment_info":0,"uagb_excerpt":"Vilepuhumise teavituskanal Hindame k\u00f5rgelt eetilisi norme ja tegutseme koosk\u00f5las seaduste ja reeglitega. Seet\u00f5ttu on meie sisekontroll ja t\u00f6\u00f6protsessid loodud selliselt, et ennetada ja avastada v\u00e4\u00e4rk\u00e4itumist ning pettusi. Nii meie t\u00f6\u00f6tajatel, klientidel kui ka koost\u00f6\u00f6partneritel on v\u00f5imalus teada anda, kui nad m\u00e4rkavad midagi kahtlast v\u00f5i ebaeetilist meie tegevuses v\u00f5i teenustes.\u00a0 Vilepuhumine v\u00f5imaldab konfidentsiaalselt jagada muresid, kui&hellip;","coauthors":[],"author_meta":{"author_link":"https:\/\/chemi-pharm.com\/et\/author\/justin\/","display_name":"Justin Hein"},"relative_dates":{"created":"Posted 1 aasta ago","modified":"Updated 1 aasta ago"},"absolute_dates":{"created":"Posted on 11\/03\/2025","modified":"Updated on 11\/03\/2025"},"absolute_dates_time":{"created":"Posted on 11\/03\/2025 15:44","modified":"Updated on 11\/03\/2025 17:57"},"featured_img_caption":"","featured_img":"https:\/\/chemi-pharm.com\/wp-content\/uploads\/2025\/03\/Foto_03-.jpg","series_order":"","_links":{"self":[{"href":"https:\/\/chemi-pharm.com\/et\/wp-json\/wp\/v2\/pages\/7810","targetHints":{"allow":["GET"]}}],"collection":[{"href":"https:\/\/chemi-pharm.com\/et\/wp-json\/wp\/v2\/pages"}],"about":[{"href":"https:\/\/chemi-pharm.com\/et\/wp-json\/wp\/v2\/types\/page"}],"author":[{"embeddable":true,"href":"https:\/\/chemi-pharm.com\/et\/wp-json\/wp\/v2\/users\/13"}],"replies":[{"embeddable":true,"href":"https:\/\/chemi-pharm.com\/et\/wp-json\/wp\/v2\/comments?post=7810"}],"version-history":[{"count":15,"href":"https:\/\/chemi-pharm.com\/et\/wp-json\/wp\/v2\/pages\/7810\/revisions"}],"predecessor-version":[{"id":7834,"href":"https:\/\/chemi-pharm.com\/et\/wp-json\/wp\/v2\/pages\/7810\/revisions\/7834"}],"wp:featuredmedia":[{"embeddable":true,"href":"https:\/\/chemi-pharm.com\/et\/wp-json\/wp\/v2\/media\/7814"}],"wp:attachment":[{"href":"https:\/\/chemi-pharm.com\/et\/wp-json\/wp\/v2\/media?parent=7810"}],"curies":[{"name":"wp","href":"https:\/\/api.w.org\/{rel}","templated":true}]}}