{"id":8306,"date":"2025-07-09T10:13:25","date_gmt":"2025-07-09T07:13:25","guid":{"rendered":"https:\/\/www.chemi-pharm.com\/?page_id=8306"},"modified":"2025-10-27T16:49:49","modified_gmt":"2025-10-27T13:49:49","slug":"toota-chemi-pharmis","status":"publish","type":"page","link":"https:\/\/chemi-pharm.com\/et\/toota-chemi-pharmis\/","title":{"rendered":"T\u00f6\u00f6ta Chemi-Pharmis"},"content":{"rendered":"\n<div class=\"wp-block-advgb-image advgb-image-block image-wrap full-width advgb-img-46b77efc-71d6-4d28-8718-9297fbe6b84a\" style=\"width:100%;height:500px\"><div class=\"advgb-image-wrapper\" style=\"justify-content:center;align-items:center\"><img decoding=\"async\" src=\"https:\/\/www.chemi-pharm.com\/wp-content\/uploads\/2024\/07\/Edukas-ettevote-tiimipilt-HD.jpg\" alt=\"\" class=\"advgb-image\" style=\"width:100%;height:500px;object-position:54% 21%\"\/><a class=\"advgb-image-overlay\" style=\"background-color:#000\" target=\"_blank\" rel=\"noopener noreferrer\"><\/a><div class=\"advgb-image-caption-wrap\"><\/div><\/div><\/div>\n\n\n\n<p><\/p>\n\n\n\n<p class=\"has-text-align-center\">Kas hoolid puhtamast maailmast ja tahad teha t\u00f6\u00f6d, millel on p\u00e4riselt m\u00f5ju? Kas tahaksid suhelda rahvusvaheliste klientidega ja t\u00f6\u00f6tada ettev\u00f5ttes, mille tooted j\u00f5uavad enam kui 25 riiki? V\u00f5i huvitab Sind terve perioodilisustabel ja see, kuidas erinevatest p\u00f5nevatest komponentidest aastaid armastatud tooted s\u00fcnnivad?  V\u00f5ib-olla soovid t\u00f6\u00f6tada koos teadlaste ja tootearendajatega? Chemi-Pharmis p\u00f5imuvad teadus, innovatsioon ja inimlik hoolivus. Me hindame selget m\u00f5tlemist, koost\u00f6\u00f6d ja soovi midagi p\u00e4riselt muuta. Kui otsid professionaalset, arendavat ja m\u00f5juka t\u00f6\u00f6 sisuga keskkonda \u2013 oled j\u00f5udnud \u00f5igesse kohta.<\/p>\n\n\n\n<h2 class=\"wp-block-heading has-text-align-center\">Ettev\u00f5ttest<\/h2>\n\n\n\n<p class=\"has-text-align-center\">Chemi-Pharm arendab, toodab ja ekspordib kvaliteetseid desinfitseerimisvahendeid, antiseptikume, nahahooldustooteid ja puhastusvahendeid rohkem kui 25 riiki. Oleme tunnustatud partner tervishoiuasutustele ja ning Eestis suurim tootja h\u00fcgieenivaldkonnas, j\u00e4rgides k\u00f5ige k\u00f5rgemaid standardeid teaduses, j\u00e4tkusuutlikkuses ja vastavuses regulatsioonidele. Meie missioon p\u00f5hineb innovatsioonil ning meie t\u00f6\u00f6 toetab tervisehoiuasutusi ja igap\u00e4evast heaolu erinevates sektorites.<\/p>\n\n\n\n<h2 class=\"wp-block-heading has-text-align-center\">Liitu meiega!<\/h2>\n\n\n\n<p class=\"has-text-align-center\">Otsime pidevalt uusi spetsialiste, uudishimulikke m\u00f5tlejaid ja tulevasi talente. Olgu Sul juba kogemus v\u00f5i soovid praktikale tulla \u2013 v\u00e4\u00e4rtustame igasuguseid kogemusi. Kui hetkel ei leia sobivat ametikohta, v\u00f5ta ikkagi \u00fchendust \u2013 tugevad inimesed loovad tugevaid meeskondi ja me oleme alati arenemas.<\/p>\n\n\n\n<hr class=\"wp-block-separator has-alpha-channel-opacity is-style-dots\"\/>\n\n\n\n<h2 class=\"wp-block-heading has-text-align-center\">Hetkel vabu t\u00f6\u00f6kohti pole!<\/h2>\n\n\n\n<hr class=\"wp-block-separator has-alpha-channel-opacity is-style-dots\"\/>\n\n\n\n<h2 class=\"wp-block-heading has-text-align-center\">Chemi-Pharmi uudised<\/h2>\n\n\n<div class=\"advgb-recent-posts-block list-view recent-posts-3b76e888-ffa5-46c4-9528-f74c8ff28bca\"><div class=\"advgb-recent-posts\"><article class=\"advgb-recent-post\"><div class=\"advgb-post-thumbnail\"><a href=\"https:\/\/chemi-pharm.com\/et\/selveri-uusim-hugieenisari-teaduspohine-puhtus-ja-koigile-nahatuupidele-sobivad-kreemid\/\"><img loading=\"lazy\" decoding=\"async\" width=\"765\" height=\"410\" src=\"https:\/\/chemi-pharm.com\/wp-content\/uploads\/2026\/04\/Selveri-CP-tutvustus-2.jpeg\" class=\"attachment-large size-large\" alt=\"\" srcset=\"https:\/\/chemi-pharm.com\/wp-content\/uploads\/2026\/04\/Selveri-CP-tutvustus-2.jpeg 765w, https:\/\/chemi-pharm.com\/wp-content\/uploads\/2026\/04\/Selveri-CP-tutvustus-2-300x161.jpeg 300w, https:\/\/chemi-pharm.com\/wp-content\/uploads\/2026\/04\/Selveri-CP-tutvustus-2-600x322.jpeg 600w, https:\/\/chemi-pharm.com\/wp-content\/uploads\/2026\/04\/Selveri-CP-tutvustus-2-200x107.jpeg 200w\" sizes=\"auto, (max-width: 765px) 100vw, 765px\" \/><\/a><\/div><div class=\"advgb-post-wrapper\"><h2 class=\"advgb-post-title\"><a href=\"https:\/\/chemi-pharm.com\/et\/selveri-uusim-hugieenisari-teaduspohine-puhtus-ja-koigile-nahatuupidele-sobivad-kreemid\/\">Selveri uusim h\u00fcgieenisari &#8211; teadusp\u00f5hine puhtus ja k\u00f5igile nahat\u00fc\u00fcpidele sobivad kreemid<\/a><\/h2><div class=\"advgb-post-content\"><div class=\"advgb-post-excerpt\"><\/div><div class=\"advgb-post-readmore\"><a href=\"https:\/\/chemi-pharm.com\/et\/selveri-uusim-hugieenisari-teaduspohine-puhtus-ja-koigile-nahatuupidele-sobivad-kreemid\/\">Loe lisaks&#8230;<\/a><\/div><\/div><\/div><\/article><article class=\"advgb-recent-post\"><div class=\"advgb-post-thumbnail\"><a href=\"https:\/\/chemi-pharm.com\/et\/kuidas-chemi-pharm-saavutas-2025-aastal-12-ekspordikasvu\/\"><img loading=\"lazy\" decoding=\"async\" width=\"1024\" height=\"683\" src=\"https:\/\/chemi-pharm.com\/wp-content\/uploads\/2026\/03\/b91f0a88-7a7d-4370-b579-601d131580fa-1024x683.jpg\" class=\"attachment-large size-large\" alt=\"\" srcset=\"https:\/\/chemi-pharm.com\/wp-content\/uploads\/2026\/03\/b91f0a88-7a7d-4370-b579-601d131580fa-1024x683.jpg 1024w, https:\/\/chemi-pharm.com\/wp-content\/uploads\/2026\/03\/b91f0a88-7a7d-4370-b579-601d131580fa-300x200.jpg 300w, https:\/\/chemi-pharm.com\/wp-content\/uploads\/2026\/03\/b91f0a88-7a7d-4370-b579-601d131580fa-768x512.jpg 768w, https:\/\/chemi-pharm.com\/wp-content\/uploads\/2026\/03\/b91f0a88-7a7d-4370-b579-601d131580fa-1536x1024.jpg 1536w, https:\/\/chemi-pharm.com\/wp-content\/uploads\/2026\/03\/b91f0a88-7a7d-4370-b579-601d131580fa-2048x1366.jpg 2048w, https:\/\/chemi-pharm.com\/wp-content\/uploads\/2026\/03\/b91f0a88-7a7d-4370-b579-601d131580fa-600x400.jpg 600w, https:\/\/chemi-pharm.com\/wp-content\/uploads\/2026\/03\/b91f0a88-7a7d-4370-b579-601d131580fa-200x133.jpg 200w\" sizes=\"auto, (max-width: 1024px) 100vw, 1024px\" \/><\/a><\/div><div class=\"advgb-post-wrapper\"><h2 class=\"advgb-post-title\"><a href=\"https:\/\/chemi-pharm.com\/et\/kuidas-chemi-pharm-saavutas-2025-aastal-12-ekspordikasvu\/\">Kuidas Chemi-Pharm saavutas 2025. aastal 12% ekspordikasvu?<\/a><\/h2><div class=\"advgb-post-content\"><div class=\"advgb-post-excerpt\"><\/div><div class=\"advgb-post-readmore\"><a href=\"https:\/\/chemi-pharm.com\/et\/kuidas-chemi-pharm-saavutas-2025-aastal-12-ekspordikasvu\/\">Loe lisaks&#8230;<\/a><\/div><\/div><\/div><\/article><article class=\"advgb-recent-post\"><div class=\"advgb-post-thumbnail\"><a href=\"https:\/\/chemi-pharm.com\/et\/1-martsil-kehtima-hakkavad-nouded-iluteenuste-osutamisele-mida-pean-teadma-biotsiididest\/\"><img loading=\"lazy\" decoding=\"async\" width=\"1024\" height=\"534\" src=\"https:\/\/chemi-pharm.com\/wp-content\/uploads\/2026\/02\/Registreeru-biotsiidikoolitusele-4-Facebooki-lai-reklaam-Tartu-1-1024x534.png\" class=\"attachment-large size-large\" alt=\"Mida peab isiku- ja iluteenindaja teadma biotsiididest? 1. m\u00e4rtist rakenduv biotsiidiseaduse muudatus\" srcset=\"https:\/\/chemi-pharm.com\/wp-content\/uploads\/2026\/02\/Registreeru-biotsiidikoolitusele-4-Facebooki-lai-reklaam-Tartu-1-1024x534.png 1024w, https:\/\/chemi-pharm.com\/wp-content\/uploads\/2026\/02\/Registreeru-biotsiidikoolitusele-4-Facebooki-lai-reklaam-Tartu-1-300x157.png 300w, https:\/\/chemi-pharm.com\/wp-content\/uploads\/2026\/02\/Registreeru-biotsiidikoolitusele-4-Facebooki-lai-reklaam-Tartu-1-768x401.png 768w, https:\/\/chemi-pharm.com\/wp-content\/uploads\/2026\/02\/Registreeru-biotsiidikoolitusele-4-Facebooki-lai-reklaam-Tartu-1-1536x802.png 1536w, https:\/\/chemi-pharm.com\/wp-content\/uploads\/2026\/02\/Registreeru-biotsiidikoolitusele-4-Facebooki-lai-reklaam-Tartu-1-600x313.png 600w, https:\/\/chemi-pharm.com\/wp-content\/uploads\/2026\/02\/Registreeru-biotsiidikoolitusele-4-Facebooki-lai-reklaam-Tartu-1-200x104.png 200w, https:\/\/chemi-pharm.com\/wp-content\/uploads\/2026\/02\/Registreeru-biotsiidikoolitusele-4-Facebooki-lai-reklaam-Tartu-1.png 1640w\" sizes=\"auto, (max-width: 1024px) 100vw, 1024px\" \/><span class=\"advgb-post-caption\">Mida peab isiku- ja iluteenindaja teadma biotsiididest? 1. m\u00e4rtist rakenduv biotsiidiseaduse muudatus<\/span><\/a><\/div><div class=\"advgb-post-wrapper\"><h2 class=\"advgb-post-title\"><a href=\"https:\/\/chemi-pharm.com\/et\/1-martsil-kehtima-hakkavad-nouded-iluteenuste-osutamisele-mida-pean-teadma-biotsiididest\/\">1. m\u00e4rtsil kehtima hakkavad n\u00f5uded iluteenuste osutamisele &#8211; mida pean teadma biotsiididest?<\/a><\/h2><div class=\"advgb-post-content\"><div class=\"advgb-post-excerpt\"><\/div><div class=\"advgb-post-readmore\"><a href=\"https:\/\/chemi-pharm.com\/et\/1-martsil-kehtima-hakkavad-nouded-iluteenuste-osutamisele-mida-pean-teadma-biotsiididest\/\">Loe lisaks&#8230;<\/a><\/div><\/div><\/div><\/article><article class=\"advgb-recent-post\"><div class=\"advgb-post-thumbnail\"><a href=\"https:\/\/chemi-pharm.com\/et\/rohepoore-meditsiiniseadmete-valdkonnas-eis-toetatud-projekt\/\"><img loading=\"lazy\" decoding=\"async\" width=\"1024\" height=\"576\" src=\"https:\/\/chemi-pharm.com\/wp-content\/uploads\/2026\/01\/CP-Projekt-EIS-1024x576.jpeg\" class=\"attachment-large size-large\" alt=\"\" srcset=\"https:\/\/chemi-pharm.com\/wp-content\/uploads\/2026\/01\/CP-Projekt-EIS-1024x576.jpeg 1024w, https:\/\/chemi-pharm.com\/wp-content\/uploads\/2026\/01\/CP-Projekt-EIS-300x169.jpeg 300w, https:\/\/chemi-pharm.com\/wp-content\/uploads\/2026\/01\/CP-Projekt-EIS-768x432.jpeg 768w, https:\/\/chemi-pharm.com\/wp-content\/uploads\/2026\/01\/CP-Projekt-EIS-1536x864.jpeg 1536w, https:\/\/chemi-pharm.com\/wp-content\/uploads\/2026\/01\/CP-Projekt-EIS-600x338.jpeg 600w, https:\/\/chemi-pharm.com\/wp-content\/uploads\/2026\/01\/CP-Projekt-EIS-200x113.jpeg 200w, https:\/\/chemi-pharm.com\/wp-content\/uploads\/2026\/01\/CP-Projekt-EIS.jpeg 1920w\" sizes=\"auto, (max-width: 1024px) 100vw, 1024px\" \/><\/a><\/div><div class=\"advgb-post-wrapper\"><h2 class=\"advgb-post-title\"><a href=\"https:\/\/chemi-pharm.com\/et\/rohepoore-meditsiiniseadmete-valdkonnas-eis-toetatud-projekt\/\">Rohep\u00f6\u00f6re meditsiiniseadmete valdkonnas &#8211; EIS toetatud projekt<\/a><\/h2><div class=\"advgb-post-content\"><div class=\"advgb-post-excerpt\"><\/div><div class=\"advgb-post-readmore\"><a href=\"https:\/\/chemi-pharm.com\/et\/rohepoore-meditsiiniseadmete-valdkonnas-eis-toetatud-projekt\/\">Loe lisaks&#8230;<\/a><\/div><\/div><\/div><\/article><\/div><\/div>\n\n\n<h2 class=\"wp-block-heading has-text-align-center\">Ei leidnud \u00f5iget ametit? Kirjuta meile. <\/h2>\n\n\n\n<div class=\"wp-block-advgb-contact-form advgb-contact-form\"><form method=\"POST\"><div class=\"advgb-form-field advgb-form-field-half\"><input type=\"text\" class=\"advgb-form-input advgb-form-input-name\" placeholder=\"Nimi\" name=\"contact_name\" style=\"color:#009cdd;border-color:#0693e3;border-style:solid;border-radius:20px\"\/><\/div><div class=\"advgb-form-field advgb-form-field-half\"><input type=\"email\" class=\"advgb-form-input advgb-form-input-email\" placeholder=\"E-mail\" name=\"contact_email\" style=\"color:#009cdd;border-color:#0693e3;border-style:solid;border-radius:20px\"\/><\/div><div class=\"advgb-form-field advgb-form-field-full\"><textarea class=\"advgb-form-input advgb-form-input-msg\" placeholder=\"Miks sooviksid Chemi-Pharmi t\u00f6\u00f6le tulla?\" name=\"contact_message\" style=\"color:#009cdd;border-color:#0693e3;border-style:solid;border-radius:20px\"><\/textarea><\/div><div class=\"advgb-grecaptcha clearfix position-center\"><\/div><input type=\"hidden\" name=\"advgb_blockform_nonce_field\" value=\"ad28889187\"><div class=\"advgb-form-submit-wrapper\" style=\"text-align:center\"><button class=\"advgb-form-submit\" type=\"submit\" data-success=\"Saime Sinu avalduse k\u00e4tte! Ait\u00e4h!\" data-alert=\"V\u00e4ljad on t\u00fchjad\" style=\"border-color:#ffffff;color:#ffffff;background-color:#009cdd;border-radius:20px\">Saada<\/button><\/div><\/form><\/div>\n\n\n\n<p><\/p>\n<style class=\"advgb-styles-renderer\">.advgb-img-46b77efc-71d6-4d28-8718-9297fbe6b84a.advgb-image-block .advgb-image-overlay{opacity:0 !important;}.advgb-img-46b77efc-71d6-4d28-8718-9297fbe6b84a.advgb-image-block:hover .advgb-image-overlay{opacity:0.2 !important;}<\/style>","protected":false},"excerpt":{"rendered":"Kas hoolid puhtamast maailmast ja tahad teha t\u00f6\u00f6d, millel on p\u00e4riselt m\u00f5ju? Kas tahaksid suhelda rahvusvaheliste klientidega ja t\u00f6\u00f6tada ettev\u00f5ttes, mille tooted j\u00f5uavad enam kui 25 riiki? V\u00f5i huvitab Sind terve perioodilisustabel ja see, kuidas erinevatest p\u00f5nevatest komponentidest aastaid armastatud tooted s\u00fcnnivad? V\u00f5ib-olla soovid t\u00f6\u00f6tada koos teadlaste ja tootearendajatega? Chemi-Pharmis p\u00f5imuvad teadus, innovatsioon ja inimlik [&hellip;]","protected":false},"author":13,"featured_media":7251,"parent":0,"menu_order":0,"comment_status":"closed","ping_status":"closed","template":"","meta":{"_acf_changed":false,"_uag_custom_page_level_css":"","advgb_blocks_editor_width":"","advgb_blocks_columns_visual_guide":"","ngg_post_thumbnail":0,"footnotes":""},"class_list":["post-8306","page","type-page","status-publish","has-post-thumbnail","hentry"],"acf":[],"yoast_head":"<!-- This site is optimized with the Yoast SEO plugin v27.3 - https:\/\/yoast.com\/product\/yoast-seo-wordpress\/ -->\n<title>T\u00f6\u00f6ta Chemi-Pharmis - Chemi-Pharm<\/title>\n<meta name=\"robots\" content=\"index, follow, max-snippet:-1, max-image-preview:large, max-video-preview:-1\" \/>\n<link rel=\"canonical\" href=\"https:\/\/chemi-pharm.com\/et\/toota-chemi-pharmis\/\" \/>\n<meta property=\"og:locale\" content=\"et_EE\" \/>\n<meta property=\"og:type\" content=\"article\" \/>\n<meta property=\"og:title\" content=\"T\u00f6\u00f6ta Chemi-Pharmis - Chemi-Pharm\" \/>\n<meta property=\"og:description\" content=\"Kas hoolid puhtamast maailmast ja tahad teha t\u00f6\u00f6d, millel on p\u00e4riselt m\u00f5ju? Kas tahaksid suhelda rahvusvaheliste klientidega ja t\u00f6\u00f6tada ettev\u00f5ttes, mille tooted j\u00f5uavad enam kui 25 riiki? V\u00f5i huvitab Sind terve perioodilisustabel ja see, kuidas erinevatest p\u00f5nevatest komponentidest aastaid armastatud tooted s\u00fcnnivad? V\u00f5ib-olla soovid t\u00f6\u00f6tada koos teadlaste ja tootearendajatega? Chemi-Pharmis p\u00f5imuvad teadus, innovatsioon ja inimlik [&hellip;]\" \/>\n<meta property=\"og:url\" content=\"https:\/\/chemi-pharm.com\/et\/toota-chemi-pharmis\/\" \/>\n<meta property=\"og:site_name\" content=\"Chemi-Pharm\" \/>\n<meta property=\"article:publisher\" content=\"https:\/\/www.facebook.com\/chemipharmeesti\" \/>\n<meta property=\"article:modified_time\" content=\"2025-10-27T13:49:49+00:00\" \/>\n<meta property=\"og:image\" content=\"https:\/\/chemi-pharm.com\/wp-content\/uploads\/2024\/07\/Edukas-ettevote-tiimipilt-HD.jpg\" \/>\n\t<meta property=\"og:image:width\" content=\"1920\" \/>\n\t<meta property=\"og:image:height\" content=\"1280\" \/>\n\t<meta property=\"og:image:type\" content=\"image\/jpeg\" \/>\n<meta name=\"twitter:card\" content=\"summary_large_image\" \/>\n<script type=\"application\/ld+json\" class=\"yoast-schema-graph\">{\"@context\":\"https:\\\/\\\/schema.org\",\"@graph\":[{\"@type\":\"WebPage\",\"@id\":\"https:\\\/\\\/chemi-pharm.com\\\/et\\\/toota-chemi-pharmis\\\/\",\"url\":\"https:\\\/\\\/chemi-pharm.com\\\/et\\\/toota-chemi-pharmis\\\/\",\"name\":\"T\u00f6\u00f6ta Chemi-Pharmis - Chemi-Pharm\",\"isPartOf\":{\"@id\":\"https:\\\/\\\/chemi-pharm.com\\\/et\\\/#website\"},\"primaryImageOfPage\":{\"@id\":\"https:\\\/\\\/chemi-pharm.com\\\/et\\\/toota-chemi-pharmis\\\/#primaryimage\"},\"image\":{\"@id\":\"https:\\\/\\\/chemi-pharm.com\\\/et\\\/toota-chemi-pharmis\\\/#primaryimage\"},\"thumbnailUrl\":\"https:\\\/\\\/chemi-pharm.com\\\/wp-content\\\/uploads\\\/2024\\\/07\\\/Edukas-ettevote-tiimipilt-HD.jpg\",\"datePublished\":\"2025-07-09T07:13:25+00:00\",\"dateModified\":\"2025-10-27T13:49:49+00:00\",\"breadcrumb\":{\"@id\":\"https:\\\/\\\/chemi-pharm.com\\\/et\\\/toota-chemi-pharmis\\\/#breadcrumb\"},\"inLanguage\":\"et\",\"potentialAction\":[{\"@type\":\"ReadAction\",\"target\":[\"https:\\\/\\\/chemi-pharm.com\\\/et\\\/toota-chemi-pharmis\\\/\"]}]},{\"@type\":\"ImageObject\",\"inLanguage\":\"et\",\"@id\":\"https:\\\/\\\/chemi-pharm.com\\\/et\\\/toota-chemi-pharmis\\\/#primaryimage\",\"url\":\"https:\\\/\\\/chemi-pharm.com\\\/wp-content\\\/uploads\\\/2024\\\/07\\\/Edukas-ettevote-tiimipilt-HD.jpg\",\"contentUrl\":\"https:\\\/\\\/chemi-pharm.com\\\/wp-content\\\/uploads\\\/2024\\\/07\\\/Edukas-ettevote-tiimipilt-HD.jpg\",\"width\":1920,\"height\":1280},{\"@type\":\"BreadcrumbList\",\"@id\":\"https:\\\/\\\/chemi-pharm.com\\\/et\\\/toota-chemi-pharmis\\\/#breadcrumb\",\"itemListElement\":[{\"@type\":\"ListItem\",\"position\":1,\"name\":\"Home\",\"item\":\"https:\\\/\\\/chemi-pharm.com\\\/et\\\/\"},{\"@type\":\"ListItem\",\"position\":2,\"name\":\"T\u00f6\u00f6ta Chemi-Pharmis\"}]},{\"@type\":\"WebSite\",\"@id\":\"https:\\\/\\\/chemi-pharm.com\\\/et\\\/#website\",\"url\":\"https:\\\/\\\/chemi-pharm.com\\\/et\\\/\",\"name\":\"Chemi-Pharm\",\"description\":\"Chemi-Pharm&#039;i professionaalsed ja k\u00f5rge kvaliteediga desinfektsiooni- ja puhastusvahendid otse tootjalt\",\"publisher\":{\"@id\":\"https:\\\/\\\/chemi-pharm.com\\\/et\\\/#organization\"},\"potentialAction\":[{\"@type\":\"SearchAction\",\"target\":{\"@type\":\"EntryPoint\",\"urlTemplate\":\"https:\\\/\\\/chemi-pharm.com\\\/et\\\/?s={search_term_string}\"},\"query-input\":{\"@type\":\"PropertyValueSpecification\",\"valueRequired\":true,\"valueName\":\"search_term_string\"}}],\"inLanguage\":\"et\"},{\"@type\":\"Organization\",\"@id\":\"https:\\\/\\\/chemi-pharm.com\\\/et\\\/#organization\",\"name\":\"Chemi-Pharm\",\"url\":\"https:\\\/\\\/chemi-pharm.com\\\/et\\\/\",\"logo\":{\"@type\":\"ImageObject\",\"inLanguage\":\"et\",\"@id\":\"https:\\\/\\\/chemi-pharm.com\\\/et\\\/#\\\/schema\\\/logo\\\/image\\\/\",\"url\":\"https:\\\/\\\/www.chemi-pharm.com\\\/wp-content\\\/uploads\\\/2021\\\/03\\\/Group-17-1.svg\",\"contentUrl\":\"https:\\\/\\\/www.chemi-pharm.com\\\/wp-content\\\/uploads\\\/2021\\\/03\\\/Group-17-1.svg\",\"width\":282,\"height\":27,\"caption\":\"Chemi-Pharm\"},\"image\":{\"@id\":\"https:\\\/\\\/chemi-pharm.com\\\/et\\\/#\\\/schema\\\/logo\\\/image\\\/\"},\"sameAs\":[\"https:\\\/\\\/www.facebook.com\\\/chemipharmeesti\"]}]}<\/script>\n<!-- \/ Yoast SEO plugin. -->","yoast_head_json":{"title":"T\u00f6\u00f6ta Chemi-Pharmis - Chemi-Pharm","robots":{"index":"index","follow":"follow","max-snippet":"max-snippet:-1","max-image-preview":"max-image-preview:large","max-video-preview":"max-video-preview:-1"},"canonical":"https:\/\/chemi-pharm.com\/et\/toota-chemi-pharmis\/","og_locale":"et_EE","og_type":"article","og_title":"T\u00f6\u00f6ta Chemi-Pharmis - Chemi-Pharm","og_description":"Kas hoolid puhtamast maailmast ja tahad teha t\u00f6\u00f6d, millel on p\u00e4riselt m\u00f5ju? Kas tahaksid suhelda rahvusvaheliste klientidega ja t\u00f6\u00f6tada ettev\u00f5ttes, mille tooted j\u00f5uavad enam kui 25 riiki? V\u00f5i huvitab Sind terve perioodilisustabel ja see, kuidas erinevatest p\u00f5nevatest komponentidest aastaid armastatud tooted s\u00fcnnivad? V\u00f5ib-olla soovid t\u00f6\u00f6tada koos teadlaste ja tootearendajatega? Chemi-Pharmis p\u00f5imuvad teadus, innovatsioon ja inimlik [&hellip;]","og_url":"https:\/\/chemi-pharm.com\/et\/toota-chemi-pharmis\/","og_site_name":"Chemi-Pharm","article_publisher":"https:\/\/www.facebook.com\/chemipharmeesti","article_modified_time":"2025-10-27T13:49:49+00:00","og_image":[{"width":1920,"height":1280,"url":"https:\/\/chemi-pharm.com\/wp-content\/uploads\/2024\/07\/Edukas-ettevote-tiimipilt-HD.jpg","type":"image\/jpeg"}],"twitter_card":"summary_large_image","schema":{"@context":"https:\/\/schema.org","@graph":[{"@type":"WebPage","@id":"https:\/\/chemi-pharm.com\/et\/toota-chemi-pharmis\/","url":"https:\/\/chemi-pharm.com\/et\/toota-chemi-pharmis\/","name":"T\u00f6\u00f6ta Chemi-Pharmis - Chemi-Pharm","isPartOf":{"@id":"https:\/\/chemi-pharm.com\/et\/#website"},"primaryImageOfPage":{"@id":"https:\/\/chemi-pharm.com\/et\/toota-chemi-pharmis\/#primaryimage"},"image":{"@id":"https:\/\/chemi-pharm.com\/et\/toota-chemi-pharmis\/#primaryimage"},"thumbnailUrl":"https:\/\/chemi-pharm.com\/wp-content\/uploads\/2024\/07\/Edukas-ettevote-tiimipilt-HD.jpg","datePublished":"2025-07-09T07:13:25+00:00","dateModified":"2025-10-27T13:49:49+00:00","breadcrumb":{"@id":"https:\/\/chemi-pharm.com\/et\/toota-chemi-pharmis\/#breadcrumb"},"inLanguage":"et","potentialAction":[{"@type":"ReadAction","target":["https:\/\/chemi-pharm.com\/et\/toota-chemi-pharmis\/"]}]},{"@type":"ImageObject","inLanguage":"et","@id":"https:\/\/chemi-pharm.com\/et\/toota-chemi-pharmis\/#primaryimage","url":"https:\/\/chemi-pharm.com\/wp-content\/uploads\/2024\/07\/Edukas-ettevote-tiimipilt-HD.jpg","contentUrl":"https:\/\/chemi-pharm.com\/wp-content\/uploads\/2024\/07\/Edukas-ettevote-tiimipilt-HD.jpg","width":1920,"height":1280},{"@type":"BreadcrumbList","@id":"https:\/\/chemi-pharm.com\/et\/toota-chemi-pharmis\/#breadcrumb","itemListElement":[{"@type":"ListItem","position":1,"name":"Home","item":"https:\/\/chemi-pharm.com\/et\/"},{"@type":"ListItem","position":2,"name":"T\u00f6\u00f6ta Chemi-Pharmis"}]},{"@type":"WebSite","@id":"https:\/\/chemi-pharm.com\/et\/#website","url":"https:\/\/chemi-pharm.com\/et\/","name":"Chemi-Pharm","description":"Chemi-Pharm&#039;i professionaalsed ja k\u00f5rge kvaliteediga desinfektsiooni- ja puhastusvahendid otse tootjalt","publisher":{"@id":"https:\/\/chemi-pharm.com\/et\/#organization"},"potentialAction":[{"@type":"SearchAction","target":{"@type":"EntryPoint","urlTemplate":"https:\/\/chemi-pharm.com\/et\/?s={search_term_string}"},"query-input":{"@type":"PropertyValueSpecification","valueRequired":true,"valueName":"search_term_string"}}],"inLanguage":"et"},{"@type":"Organization","@id":"https:\/\/chemi-pharm.com\/et\/#organization","name":"Chemi-Pharm","url":"https:\/\/chemi-pharm.com\/et\/","logo":{"@type":"ImageObject","inLanguage":"et","@id":"https:\/\/chemi-pharm.com\/et\/#\/schema\/logo\/image\/","url":"https:\/\/www.chemi-pharm.com\/wp-content\/uploads\/2021\/03\/Group-17-1.svg","contentUrl":"https:\/\/www.chemi-pharm.com\/wp-content\/uploads\/2021\/03\/Group-17-1.svg","width":282,"height":27,"caption":"Chemi-Pharm"},"image":{"@id":"https:\/\/chemi-pharm.com\/et\/#\/schema\/logo\/image\/"},"sameAs":["https:\/\/www.facebook.com\/chemipharmeesti"]}]}},"uagb_featured_image_src":{"full":["https:\/\/chemi-pharm.com\/wp-content\/uploads\/2024\/07\/Edukas-ettevote-tiimipilt-HD.jpg",1920,1280,false],"thumbnail":["https:\/\/chemi-pharm.com\/wp-content\/uploads\/2024\/07\/Edukas-ettevote-tiimipilt-HD-150x150.jpg",150,150,true],"medium":["https:\/\/chemi-pharm.com\/wp-content\/uploads\/2024\/07\/Edukas-ettevote-tiimipilt-HD-300x200.jpg",300,200,true],"medium_large":["https:\/\/chemi-pharm.com\/wp-content\/uploads\/2024\/07\/Edukas-ettevote-tiimipilt-HD-768x512.jpg",768,512,true],"large":["https:\/\/chemi-pharm.com\/wp-content\/uploads\/2024\/07\/Edukas-ettevote-tiimipilt-HD-1024x683.jpg",1024,683,true],"1536x1536":["https:\/\/chemi-pharm.com\/wp-content\/uploads\/2024\/07\/Edukas-ettevote-tiimipilt-HD-1536x1024.jpg",1536,1024,true],"2048x2048":["https:\/\/chemi-pharm.com\/wp-content\/uploads\/2024\/07\/Edukas-ettevote-tiimipilt-HD.jpg",1920,1280,false],"news_thumb":["https:\/\/chemi-pharm.com\/wp-content\/uploads\/2024\/07\/Edukas-ettevote-tiimipilt-HD-600x400.jpg",600,400,true],"custom_thumb":["https:\/\/chemi-pharm.com\/wp-content\/uploads\/2024\/07\/Edukas-ettevote-tiimipilt-HD-200x133.jpg",200,133,true]},"uagb_author_info":{"display_name":"Justin Hein","author_link":"https:\/\/chemi-pharm.com\/et\/author\/justin\/"},"uagb_comment_info":0,"uagb_excerpt":"Kas hoolid puhtamast maailmast ja tahad teha t\u00f6\u00f6d, millel on p\u00e4riselt m\u00f5ju? Kas tahaksid suhelda rahvusvaheliste klientidega ja t\u00f6\u00f6tada ettev\u00f5ttes, mille tooted j\u00f5uavad enam kui 25 riiki? V\u00f5i huvitab Sind terve perioodilisustabel ja see, kuidas erinevatest p\u00f5nevatest komponentidest aastaid armastatud tooted s\u00fcnnivad? V\u00f5ib-olla soovid t\u00f6\u00f6tada koos teadlaste ja tootearendajatega? Chemi-Pharmis p\u00f5imuvad teadus, innovatsioon ja inimlik&hellip;","coauthors":[],"author_meta":{"author_link":"https:\/\/chemi-pharm.com\/et\/author\/justin\/","display_name":"Justin Hein"},"relative_dates":{"created":"Posted 10 kuud ago","modified":"Updated 6 kuud ago"},"absolute_dates":{"created":"Posted on 09\/07\/2025","modified":"Updated on 27\/10\/2025"},"absolute_dates_time":{"created":"Posted on 09\/07\/2025 10:13","modified":"Updated on 27\/10\/2025 16:49"},"featured_img_caption":"","featured_img":"https:\/\/chemi-pharm.com\/wp-content\/uploads\/2024\/07\/Edukas-ettevote-tiimipilt-HD.jpg","series_order":"","_links":{"self":[{"href":"https:\/\/chemi-pharm.com\/et\/wp-json\/wp\/v2\/pages\/8306","targetHints":{"allow":["GET"]}}],"collection":[{"href":"https:\/\/chemi-pharm.com\/et\/wp-json\/wp\/v2\/pages"}],"about":[{"href":"https:\/\/chemi-pharm.com\/et\/wp-json\/wp\/v2\/types\/page"}],"author":[{"embeddable":true,"href":"https:\/\/chemi-pharm.com\/et\/wp-json\/wp\/v2\/users\/13"}],"replies":[{"embeddable":true,"href":"https:\/\/chemi-pharm.com\/et\/wp-json\/wp\/v2\/comments?post=8306"}],"version-history":[{"count":18,"href":"https:\/\/chemi-pharm.com\/et\/wp-json\/wp\/v2\/pages\/8306\/revisions"}],"predecessor-version":[{"id":8698,"href":"https:\/\/chemi-pharm.com\/et\/wp-json\/wp\/v2\/pages\/8306\/revisions\/8698"}],"wp:featuredmedia":[{"embeddable":true,"href":"https:\/\/chemi-pharm.com\/et\/wp-json\/wp\/v2\/media\/7251"}],"wp:attachment":[{"href":"https:\/\/chemi-pharm.com\/et\/wp-json\/wp\/v2\/media?parent=8306"}],"curies":[{"name":"wp","href":"https:\/\/api.w.org\/{rel}","templated":true}]}}